{"id":11,"date":"2019-05-02T06:51:04","date_gmt":"2019-05-02T06:51:04","guid":{"rendered":"http:\/\/kulturtjanst.se\/?page_id=11"},"modified":"2024-02-16T11:53:49","modified_gmt":"2024-02-16T11:53:49","slug":"valkommen-2","status":"publish","type":"page","link":"https:\/\/kulturtjanst.se\/?page_id=11","title":{"rendered":"Kulturtj\u00e4nster"},"content":{"rendered":"\n<p><em>V\u00e4lkommen till ACM Kulturtj\u00e4nst AB. Jag tillhandah\u00e5ller olika tj\u00e4nster inom kulturomr\u00e5det &#8211; som kulturhistoriska utredningar, guidningar, ber\u00e4ttarf\u00f6rest\u00e4llningar, f\u00f6redrag och evenemang. Jag jobbar \u00e4ven med historisk dokument\u00e4rfilm och foto. <\/em><\/p>\n\n\n\n<h2 class=\"wp-block-heading\">Kulturtj\u00e4nster<\/h2>\n\n\n\n<p>Jag tillhandah\u00e5ller flera olika tj\u00e4nster inom kulturomr\u00e5det. Min erfarenhet \u00e4r bred och sp\u00e4nner \u00f6ver flera omr\u00e5den, b\u00e5de tv\u00e4rvetenskapligt och genom kultur och natur. Jag \u00e4r b\u00e5de akademiskt och praktiskt skolad, samt har yrkeserfarenhet fr\u00e5n s\u00e5v\u00e4l offentlig som privat sektor.  <\/p>\n\n\n\n<p>Exempel p\u00e5 uppdrag som kan utf\u00f6ras:<\/p>\n\n\n\n<ul>\n<li>kulturhistoriska utredningar<\/li>\n\n\n\n<li>biologiskt kulturarv och tr\u00e4dg\u00e5rdshistoria<\/li>\n\n\n\n<li>sl\u00e4ktforskarkurser<\/li>\n\n\n\n<li>sl\u00e4ktforskarhj\u00e4lp<\/li>\n\n\n\n<li>bygdeforskning<\/li>\n\n\n\n<li>texter och information<\/li>\n\n\n\n<li>f\u00f6redrag<\/li>\n\n\n\n<li>bildvisning<\/li>\n\n\n\n<li>utst\u00e4llningsproduktion <\/li>\n\n\n\n<li>ber\u00e4ttarf\u00f6rest\u00e4llningar<\/li>\n\n\n\n<li>guidade turer (certifierad \u00d6landsguide)<\/li>\n\n\n\n<li>objektsguidningar<\/li>\n\n\n\n<li>evenemang<\/li>\n<\/ul>\n\n\n\n<p>F\u00f6r f\u00f6rfr\u00e5gningar och\/eller beg\u00e4ran om offert v\u00e4nligen kontakta a-c.magnusson@kulturtjanst.se<\/p>\n\n\n\n<h2 class=\"wp-block-heading\"><\/h2>\n\n\n\n<p><\/p>\n","protected":false},"excerpt":{"rendered":"<p>V\u00e4lkommen till ACM Kulturtj\u00e4nst AB. Jag tillhandah\u00e5ller olika tj\u00e4nster inom kulturomr\u00e5det &#8211; som kulturhistoriska utredningar, guidningar, ber\u00e4ttarf\u00f6rest\u00e4llningar, f\u00f6redrag och evenemang.<\/p>\n<p><a href=\"https:\/\/kulturtjanst.se\/?page_id=11\" class=\"more-link\">Forts\u00e4tt l\u00e4sa<span class=\"screen-reader-text\">Kulturtj\u00e4nster<\/span><\/a><\/p>\n","protected":false},"author":1,"featured_media":62,"parent":0,"menu_order":0,"comment_status":"closed","ping_status":"closed","template":"","meta":[],"_links":{"self":[{"href":"https:\/\/kulturtjanst.se\/index.php?rest_route=\/wp\/v2\/pages\/11"}],"collection":[{"href":"https:\/\/kulturtjanst.se\/index.php?rest_route=\/wp\/v2\/pages"}],"about":[{"href":"https:\/\/kulturtjanst.se\/index.php?rest_route=\/wp\/v2\/types\/page"}],"author":[{"embeddable":true,"href":"https:\/\/kulturtjanst.se\/index.php?rest_route=\/wp\/v2\/users\/1"}],"replies":[{"embeddable":true,"href":"https:\/\/kulturtjanst.se\/index.php?rest_route=%2Fwp%2Fv2%2Fcomments&post=11"}],"version-history":[{"count":9,"href":"https:\/\/kulturtjanst.se\/index.php?rest_route=\/wp\/v2\/pages\/11\/revisions"}],"predecessor-version":[{"id":95,"href":"https:\/\/kulturtjanst.se\/index.php?rest_route=\/wp\/v2\/pages\/11\/revisions\/95"}],"wp:featuredmedia":[{"embeddable":true,"href":"https:\/\/kulturtjanst.se\/index.php?rest_route=\/wp\/v2\/media\/62"}],"wp:attachment":[{"href":"https:\/\/kulturtjanst.se\/index.php?rest_route=%2Fwp%2Fv2%2Fmedia&parent=11"}],"curies":[{"name":"wp","href":"https:\/\/api.w.org\/{rel}","templated":true}]}}