{"id":17,"date":"2019-03-12T17:04:20","date_gmt":"2019-03-12T17:04:20","guid":{"rendered":"http:\/\/kulturtjanst.se\/?page_id=17"},"modified":"2024-02-16T15:04:32","modified_gmt":"2024-02-16T15:04:32","slug":"valkommen","status":"publish","type":"page","link":"https:\/\/kulturtjanst.se\/","title":{"rendered":"V\u00e4lkommen!"},"content":{"rendered":"\n<p>V\u00e4lkommen till ACM Kulturtj\u00e4nst AB. Jag tillhandah\u00e5ller olika tj\u00e4nster inom kulturomr\u00e5det &#8211; som kulturhistoriska utredningar, guidningar, ber\u00e4ttarf\u00f6rest\u00e4llningar, f\u00f6redrag och evenemang. Jag arbetar \u00e4ven med historisk dokument\u00e4rfilm och foto. <\/p>\n\n\n\n<p><a rel=\"noreferrer noopener\" aria-label=\"Kulturtj\u00e4nster  (\u00f6ppnas i en ny flik)\" href=\"https:\/\/kulturtjanst.se\/?page_id=11\" target=\"_blank\">Kulturtj\u00e4nster <\/a><\/p>\n\n\n\n<figure class=\"wp-block-gallery alignwide has-nested-images columns-default is-cropped wp-block-gallery-1 is-layout-flex\">\n<figure class=\"wp-block-image size-large\"><img decoding=\"async\" loading=\"lazy\" width=\"1024\" height=\"576\" data-id=\"65\"  src=\"https:\/\/kulturtjanst.se\/wp-content\/uploads\/2021\/03\/Olandska-kvinnooden-2-2-1024x576.jpg\" alt=\"\" class=\"wp-image-65\" srcset=\"https:\/\/kulturtjanst.se\/wp-content\/uploads\/2021\/03\/Olandska-kvinnooden-2-2-1024x576.jpg 1024w, https:\/\/kulturtjanst.se\/wp-content\/uploads\/2021\/03\/Olandska-kvinnooden-2-2-300x169.jpg 300w, https:\/\/kulturtjanst.se\/wp-content\/uploads\/2021\/03\/Olandska-kvinnooden-2-2-768x432.jpg 768w, https:\/\/kulturtjanst.se\/wp-content\/uploads\/2021\/03\/Olandska-kvinnooden-2-2-1536x864.jpg 1536w, https:\/\/kulturtjanst.se\/wp-content\/uploads\/2021\/03\/Olandska-kvinnooden-2-2-2048x1152.jpg 2048w, https:\/\/kulturtjanst.se\/wp-content\/uploads\/2021\/03\/Olandska-kvinnooden-2-2-1920x1080.jpg 1920w\" sizes=\"(max-width: 1024px) 100vw, 1024px\" \/><\/figure>\n\n\n\n<figure class=\"wp-block-image size-large\"><img decoding=\"async\" loading=\"lazy\" width=\"899\" height=\"1024\" data-id=\"67\"  src=\"https:\/\/kulturtjanst.se\/wp-content\/uploads\/2021\/03\/skrinet-oppet-899x1024.jpg\" alt=\"\" class=\"wp-image-67\" srcset=\"https:\/\/kulturtjanst.se\/wp-content\/uploads\/2021\/03\/skrinet-oppet-899x1024.jpg 899w, https:\/\/kulturtjanst.se\/wp-content\/uploads\/2021\/03\/skrinet-oppet-263x300.jpg 263w, https:\/\/kulturtjanst.se\/wp-content\/uploads\/2021\/03\/skrinet-oppet-768x875.jpg 768w, https:\/\/kulturtjanst.se\/wp-content\/uploads\/2021\/03\/skrinet-oppet-1348x1536.jpg 1348w, https:\/\/kulturtjanst.se\/wp-content\/uploads\/2021\/03\/skrinet-oppet.jpg 1437w\" sizes=\"(max-width: 899px) 100vw, 899px\" \/><\/figure>\n\n\n\n<figure class=\"wp-block-image size-large\"><img decoding=\"async\" loading=\"lazy\" width=\"1024\" height=\"1024\" data-id=\"64\"  src=\"https:\/\/kulturtjanst.se\/wp-content\/uploads\/2021\/03\/20190906_075833-1024x1024.jpg\" alt=\"\" class=\"wp-image-64\" srcset=\"https:\/\/kulturtjanst.se\/wp-content\/uploads\/2021\/03\/20190906_075833-1024x1024.jpg 1024w, https:\/\/kulturtjanst.se\/wp-content\/uploads\/2021\/03\/20190906_075833-300x300.jpg 300w, https:\/\/kulturtjanst.se\/wp-content\/uploads\/2021\/03\/20190906_075833-150x150.jpg 150w, https:\/\/kulturtjanst.se\/wp-content\/uploads\/2021\/03\/20190906_075833-768x768.jpg 768w, https:\/\/kulturtjanst.se\/wp-content\/uploads\/2021\/03\/20190906_075833-1536x1536.jpg 1536w, https:\/\/kulturtjanst.se\/wp-content\/uploads\/2021\/03\/20190906_075833-2048x2048.jpg 2048w, https:\/\/kulturtjanst.se\/wp-content\/uploads\/2021\/03\/20190906_075833-666x666.jpg 666w\" sizes=\"(max-width: 1024px) 100vw, 1024px\" \/><\/figure>\n<\/figure>\n\n\n\n<p><\/p>\n\n\n\n<p><\/p>\n","protected":false},"excerpt":{"rendered":"<p>V\u00e4lkommen till ACM Kulturtj\u00e4nst AB. Jag tillhandah\u00e5ller olika tj\u00e4nster inom kulturomr\u00e5det &#8211; som kulturhistoriska utredningar, guidningar, ber\u00e4ttarf\u00f6rest\u00e4llningar, f\u00f6redrag och evenemang.<\/p>\n<p><a href=\"https:\/\/kulturtjanst.se\/\" class=\"more-link\">Forts\u00e4tt l\u00e4sa<span class=\"screen-reader-text\">V\u00e4lkommen!<\/span><\/a><\/p>\n","protected":false},"author":1,"featured_media":0,"parent":0,"menu_order":0,"comment_status":"closed","ping_status":"closed","template":"","meta":[],"_links":{"self":[{"href":"https:\/\/kulturtjanst.se\/index.php?rest_route=\/wp\/v2\/pages\/17"}],"collection":[{"href":"https:\/\/kulturtjanst.se\/index.php?rest_route=\/wp\/v2\/pages"}],"about":[{"href":"https:\/\/kulturtjanst.se\/index.php?rest_route=\/wp\/v2\/types\/page"}],"author":[{"embeddable":true,"href":"https:\/\/kulturtjanst.se\/index.php?rest_route=\/wp\/v2\/users\/1"}],"replies":[{"embeddable":true,"href":"https:\/\/kulturtjanst.se\/index.php?rest_route=%2Fwp%2Fv2%2Fcomments&post=17"}],"version-history":[{"count":10,"href":"https:\/\/kulturtjanst.se\/index.php?rest_route=\/wp\/v2\/pages\/17\/revisions"}],"predecessor-version":[{"id":107,"href":"https:\/\/kulturtjanst.se\/index.php?rest_route=\/wp\/v2\/pages\/17\/revisions\/107"}],"wp:attachment":[{"href":"https:\/\/kulturtjanst.se\/index.php?rest_route=%2Fwp%2Fv2%2Fmedia&parent=17"}],"curies":[{"name":"wp","href":"https:\/\/api.w.org\/{rel}","templated":true}]}}