{"id":96,"date":"2024-02-16T12:01:28","date_gmt":"2024-02-16T12:01:28","guid":{"rendered":"https:\/\/kulturtjanst.se\/?page_id=96"},"modified":"2024-02-16T12:08:02","modified_gmt":"2024-02-16T12:08:02","slug":"96-2","status":"publish","type":"page","link":"https:\/\/kulturtjanst.se\/?page_id=96","title":{"rendered":"P\u00e5skk\u00e4ringen &#8211; dikt"},"content":{"rendered":"\n<p><strong>P\u00e5skk\u00e4ringen <\/strong>&#8211; dikt p\u00e5 \u00f6landsm\u00e5l, av Albert Eriksson (1869 &#8211; 1903). <\/p>\n\n\n\n<p><em>Dikten l\u00e4ses av Ann-Charlotte Magnusson, 2024.<\/em><\/p>\n\n\n\n<figure class=\"wp-block-audio\"><audio controls src=\"https:\/\/kulturtjanst.se\/wp-content\/uploads\/2024\/02\/Paskkaringen_Ann-Charlotte-Magnusson-2024.mp3\"><\/audio><\/figure>\n\n\n\n<p><\/p>\n","protected":false},"excerpt":{"rendered":"<p>P\u00e5skk\u00e4ringen &#8211; dikt p\u00e5 \u00f6landsm\u00e5l, av Albert Eriksson (1869 &#8211; 1903). Dikten l\u00e4ses av Ann-Charlotte Magnusson, 2024.<\/p>\n","protected":false},"author":1,"featured_media":0,"parent":17,"menu_order":0,"comment_status":"closed","ping_status":"closed","template":"","meta":[],"_links":{"self":[{"href":"https:\/\/kulturtjanst.se\/index.php?rest_route=\/wp\/v2\/pages\/96"}],"collection":[{"href":"https:\/\/kulturtjanst.se\/index.php?rest_route=\/wp\/v2\/pages"}],"about":[{"href":"https:\/\/kulturtjanst.se\/index.php?rest_route=\/wp\/v2\/types\/page"}],"author":[{"embeddable":true,"href":"https:\/\/kulturtjanst.se\/index.php?rest_route=\/wp\/v2\/users\/1"}],"replies":[{"embeddable":true,"href":"https:\/\/kulturtjanst.se\/index.php?rest_route=%2Fwp%2Fv2%2Fcomments&post=96"}],"version-history":[{"count":3,"href":"https:\/\/kulturtjanst.se\/index.php?rest_route=\/wp\/v2\/pages\/96\/revisions"}],"predecessor-version":[{"id":101,"href":"https:\/\/kulturtjanst.se\/index.php?rest_route=\/wp\/v2\/pages\/96\/revisions\/101"}],"up":[{"embeddable":true,"href":"https:\/\/kulturtjanst.se\/index.php?rest_route=\/wp\/v2\/pages\/17"}],"wp:attachment":[{"href":"https:\/\/kulturtjanst.se\/index.php?rest_route=%2Fwp%2Fv2%2Fmedia&parent=96"}],"curies":[{"name":"wp","href":"https:\/\/api.w.org\/{rel}","templated":true}]}}